{"id":37,"date":"2023-03-24T17:26:03","date_gmt":"2023-03-24T16:26:03","guid":{"rendered":"https:\/\/hydrotransfert.fr\/?page_id=37"},"modified":"2023-09-21T21:10:05","modified_gmt":"2023-09-21T19:10:05","slug":"nos-metiers","status":"publish","type":"page","link":"https:\/\/hydrotransfert.fr\/index.php\/nos-metiers\/","title":{"rendered":"Nos m\u00e9tiers"},"content":{"rendered":"<p>[et_pb_section fb_built=&#8221;1&#8243; custom_padding_last_edited=&#8221;on|tablet&#8221; admin_label=&#8221;Offer&#8221; _builder_version=&#8221;4.20.4&#8243; background_color=&#8221;#000000&#8243; background_enable_image=&#8221;off&#8221; background_video_mp4=&#8221;https:\/\/hydrotransfert.fr\/wp-content\/uploads\/2023\/04\/X2Download.app-hydro720p.mp4&#8243; custom_padding=&#8221;50px||120px|||&#8221; custom_padding_tablet=&#8221;80px||80px|&#8221; custom_padding_phone=&#8221;&#8221; custom_css_before=&#8221;content:%22%22;||display: block;||position: absolute;||top: 0;||left: 0;||width: 100%;||height: 100%;||background-color:rgba(0, 0, 0, 0.5);||z-index: 1;\t&#8221; global_colors_info=&#8221;{}&#8221;][et_pb_row _builder_version=&#8221;4.20.2&#8243; custom_margin=&#8221;|||&#8221; custom_padding=&#8221;||0px|||&#8221; global_colors_info=&#8221;{}&#8221;][et_pb_column type=&#8221;4_4&#8243; _builder_version=&#8221;4.16&#8243; custom_padding=&#8221;|||&#8221; global_colors_info=&#8221;{}&#8221; custom_padding__hover=&#8221;|||&#8221;][et_pb_text _builder_version=&#8221;4.20.2&#8243; _module_preset=&#8221;default&#8221; global_colors_info=&#8221;{}&#8221;]<\/p>\n<h2 style=\"text-align: center;\">Nos m\u00e9tiers<\/h2>\n<p>[\/et_pb_text][et_pb_divider color=&#8221;#CE0000&#8243; divider_position=&#8221;center&#8221; divider_weight=&#8221;3px&#8221; disabled_on=&#8221;off|off|off&#8221; _builder_version=&#8221;4.20.2&#8243; max_width=&#8221;150px&#8221; module_alignment=&#8221;center&#8221; height=&#8221;false&#8221; animation_style=&#8221;zoom&#8221; animation_delay=&#8221;200ms&#8221; animation_intensity_zoom=&#8221;20%&#8221; locked=&#8221;off&#8221; global_colors_info=&#8221;{}&#8221;][\/et_pb_divider][\/et_pb_column][\/et_pb_row][et_pb_row _builder_version=&#8221;4.20.2&#8243; _module_preset=&#8221;default&#8221; background_color=&#8221;rgba(0,0,0,0.5)&#8221; custom_margin=&#8221;39px|auto||auto|false|false&#8221; custom_padding=&#8221;||0px|||&#8221; global_colors_info=&#8221;{}&#8221;][et_pb_column type=&#8221;4_4&#8243; _builder_version=&#8221;4.20.2&#8243; _module_preset=&#8221;default&#8221; custom_padding=&#8221;0px||||false|false&#8221; global_colors_info=&#8221;{}&#8221;][et_pb_text _builder_version=&#8221;4.20.2&#8243; _module_preset=&#8221;default&#8221; custom_margin=&#8221;||20px|||&#8221; custom_padding=&#8221;|30px||30px|false|false&#8221; global_colors_info=&#8221;{}&#8221;]<\/p>\n<p style=\"text-align: center;\">Fort de notre exp\u00e9rience, nous proposons des prestations compl\u00e8tes alliant notre savoir-faire \u00e0 vos d\u00e9sirs.<br \/>L\u2019hydrotransfert est une technique permettant de transformer l\u2019aspect de vos pi\u00e8ces et objets sous forme de peinture.<br \/>Une pr\u00e9paration minutieuse et un traitement sp\u00e9cifique sont appliqu\u00e9s sur chaque pi\u00e8ce.<br \/>L\u2019impression graphique du motif est ex\u00e9cut\u00e9e par trempage. L\u2019utilisation d\u2019un film hydrosoluble permet d\u2019\u00e9pouser parfaitement la pi\u00e8ce.<br \/>De multiples solutions s\u2019offrent \u00e0 vous : diff\u00e9rentes couleurs, effets, finitions, logos, liserets, et autre. Vernies, ces pi\u00e8ces sublim\u00e9es garderont leur effet, quel que soit leur exposition.<\/p>\n<p style=\"text-align: center;\">D\u00e9sireux de proposer plus de nouveaut\u00e9s \u00e0 nos clients, le p\u00f4le \u00e9volution concentre plusieurs corps de m\u00e9tiers au sein d\u2019H Custom :<br \/>\u2013 Sellerie et cuir pour le travail d\u2019int\u00e9rieur et de maroquinerie<br \/>\u2013 Mise en lumi\u00e8re de projets par LED et fibre optique<br \/>\u2013 Cr\u00e9ation d\u2019une ambiance et syst\u00e8me sonore<\/p>\n<p style=\"text-align: center;\">Un univers toujours sur-mesure et une finition haut-de-gamme<\/p>\n<p>[\/et_pb_text][\/et_pb_column][\/et_pb_row][et_pb_row column_structure=&#8221;1_2,1_2&#8243; disabled_on=&#8221;on|off|off&#8221; _builder_version=&#8221;4.20.4&#8243; _module_preset=&#8221;default&#8221; background_color=&#8221;rgba(0,0,0,0.5)&#8221; custom_margin=&#8221;0px|auto||auto|false|false&#8221; custom_padding=&#8221;||0px|||&#8221; global_colors_info=&#8221;{}&#8221;][et_pb_column type=&#8221;1_2&#8243; _builder_version=&#8221;4.20.2&#8243; _module_preset=&#8221;default&#8221; custom_padding=&#8221;0px||||false|false&#8221; global_colors_info=&#8221;{}&#8221;][et_pb_text _builder_version=&#8221;4.20.2&#8243; _module_preset=&#8221;default&#8221; custom_margin=&#8221;||-15px|||&#8221; global_colors_info=&#8221;{}&#8221;]<\/p>\n<h3 style=\"text-align: center;\">P\u00f4le peinture<\/h3>\n<p>[\/et_pb_text][\/et_pb_column][et_pb_column type=&#8221;1_2&#8243; _builder_version=&#8221;4.20.2&#8243; _module_preset=&#8221;default&#8221; global_colors_info=&#8221;{}&#8221;][et_pb_text _builder_version=&#8221;4.20.2&#8243; _module_preset=&#8221;default&#8221; global_colors_info=&#8221;{}&#8221;]<\/p>\n<h3 style=\"text-align: center;\">P\u00f4le p\u00e9volution<\/h3>\n<p>[\/et_pb_text][\/et_pb_column][\/et_pb_row][et_pb_row column_structure=&#8221;1_2,1_6,1_6,1_6&#8243; use_custom_gutter=&#8221;on&#8221; gutter_width=&#8221;1&#8243; _builder_version=&#8221;4.20.4&#8243; _module_preset=&#8221;default&#8221; background_color=&#8221;rgba(0,0,0,0.5)&#8221; border_color_all=&#8221;#E09900&#8243; global_colors_info=&#8221;{}&#8221;][et_pb_column type=&#8221;1_2&#8243; _builder_version=&#8221;4.20.2&#8243; _module_preset=&#8221;default&#8221; global_colors_info=&#8221;{}&#8221;][et_pb_image src=&#8221;https:\/\/hydrotransfert.fr\/wp-content\/uploads\/2023\/09\/hydrotransfert-et-peinture.jpg&#8221; title_text=&#8221;hydrotransfert et peinture&#8221; url=&#8221;\/index.php\/pole-peinture\/&#8221; align=&#8221;center&#8221; _builder_version=&#8221;4.21.0&#8243; _module_preset=&#8221;default&#8221; animation_style=&#8221;bounce&#8221; hover_enabled=&#8221;0&#8243; global_colors_info=&#8221;{}&#8221; sticky_enabled=&#8221;0&#8243;][\/et_pb_image][\/et_pb_column][et_pb_column type=&#8221;1_6&#8243; _builder_version=&#8221;4.20.2&#8243; _module_preset=&#8221;default&#8221; global_colors_info=&#8221;{}&#8221;][et_pb_image src=&#8221;https:\/\/hydrotransfert.fr\/wp-content\/uploads\/2023\/09\/Cuir.jpg&#8221; title_text=&#8221;Cuir&#8221; url=&#8221;\/index.php\/pole-evolution\/#sellerie&#8221; align=&#8221;center&#8221; _builder_version=&#8221;4.21.0&#8243; _module_preset=&#8221;default&#8221; animation_style=&#8221;bounce&#8221; hover_enabled=&#8221;0&#8243; global_colors_info=&#8221;{}&#8221; sticky_enabled=&#8221;0&#8243;][\/et_pb_image][\/et_pb_column][et_pb_column type=&#8221;1_6&#8243; _builder_version=&#8221;4.20.2&#8243; _module_preset=&#8221;default&#8221; global_colors_info=&#8221;{}&#8221;][et_pb_image src=&#8221;https:\/\/hydrotransfert.fr\/wp-content\/uploads\/2023\/09\/Lumiere.jpg&#8221; title_text=&#8221;Lumi\u00e8re&#8221; url=&#8221;\/index.php\/pole-evolution\/#lumieres&#8221; align=&#8221;center&#8221; _builder_version=&#8221;4.21.0&#8243; _module_preset=&#8221;default&#8221; animation_style=&#8221;bounce&#8221; hover_enabled=&#8221;0&#8243; global_colors_info=&#8221;{}&#8221; sticky_enabled=&#8221;0&#8243;][\/et_pb_image][\/et_pb_column][et_pb_column type=&#8221;1_6&#8243; _builder_version=&#8221;4.20.2&#8243; _module_preset=&#8221;default&#8221; global_colors_info=&#8221;{}&#8221;][et_pb_image src=&#8221;https:\/\/hydrotransfert.fr\/wp-content\/uploads\/2023\/09\/Son.jpg&#8221; title_text=&#8221;Son&#8221; url=&#8221;\/index.php\/pole-evolution\/#son&#8221; align=&#8221;center&#8221; _builder_version=&#8221;4.21.0&#8243; _module_preset=&#8221;default&#8221; animation_style=&#8221;bounce&#8221; hover_enabled=&#8221;0&#8243; global_colors_info=&#8221;{}&#8221; sticky_enabled=&#8221;0&#8243;][\/et_pb_image][\/et_pb_column][\/et_pb_row][et_pb_row _builder_version=&#8221;4.20.2&#8243; _module_preset=&#8221;default&#8221; custom_padding=&#8221;0px|||||&#8221; global_colors_info=&#8221;{}&#8221;][et_pb_column type=&#8221;4_4&#8243; _builder_version=&#8221;4.20.2&#8243; _module_preset=&#8221;default&#8221; global_colors_info=&#8221;{}&#8221;][et_pb_text _builder_version=&#8221;4.20.2&#8243; _module_preset=&#8221;default&#8221; background_color=&#8221;rgba(0,0,0,0.5)&#8221; min_height=&#8221;50.8px&#8221; global_colors_info=&#8221;{}&#8221;]<\/p>\n<p style=\"text-align: center;\"><strong><span style=\"color: #ffffff;\">Nous vous proposons un ensemble de services complets et haut de gamme Made in <span style=\"color: #3366ff;\">Fr<\/span>an<span style=\"color: #ff0000;\">ce<\/span><\/span><\/strong><\/p>\n<p>[\/et_pb_text][\/et_pb_column][\/et_pb_row][\/et_pb_section]<\/p>\n","protected":false},"excerpt":{"rendered":"<p>Nos m\u00e9tiersFort de notre exp\u00e9rience, nous proposons des prestations compl\u00e8tes alliant notre savoir-faire \u00e0 vos d\u00e9sirs.L\u2019hydrotransfert est une technique permettant de transformer l\u2019aspect de vos pi\u00e8ces et objets sous forme de peinture.Une pr\u00e9paration minutieuse et un traitement sp\u00e9cifique sont appliqu\u00e9s sur chaque pi\u00e8ce.L\u2019impression graphique du motif est ex\u00e9cut\u00e9e par trempage. L\u2019utilisation d\u2019un film hydrosoluble permet [&hellip;]<\/p>\n","protected":false},"author":1,"featured_media":0,"parent":0,"menu_order":0,"comment_status":"closed","ping_status":"closed","template":"","meta":{"_et_pb_use_builder":"on","_et_pb_old_content":"","_et_gb_content_width":"","ngg_post_thumbnail":0,"footnotes":""},"class_list":["post-37","page","type-page","status-publish","hentry"],"_links":{"self":[{"href":"https:\/\/hydrotransfert.fr\/index.php\/wp-json\/wp\/v2\/pages\/37","targetHints":{"allow":["GET"]}}],"collection":[{"href":"https:\/\/hydrotransfert.fr\/index.php\/wp-json\/wp\/v2\/pages"}],"about":[{"href":"https:\/\/hydrotransfert.fr\/index.php\/wp-json\/wp\/v2\/types\/page"}],"author":[{"embeddable":true,"href":"https:\/\/hydrotransfert.fr\/index.php\/wp-json\/wp\/v2\/users\/1"}],"replies":[{"embeddable":true,"href":"https:\/\/hydrotransfert.fr\/index.php\/wp-json\/wp\/v2\/comments?post=37"}],"version-history":[{"count":11,"href":"https:\/\/hydrotransfert.fr\/index.php\/wp-json\/wp\/v2\/pages\/37\/revisions"}],"predecessor-version":[{"id":2996,"href":"https:\/\/hydrotransfert.fr\/index.php\/wp-json\/wp\/v2\/pages\/37\/revisions\/2996"}],"wp:attachment":[{"href":"https:\/\/hydrotransfert.fr\/index.php\/wp-json\/wp\/v2\/media?parent=37"}],"curies":[{"name":"wp","href":"https:\/\/api.w.org\/{rel}","templated":true}]}}