{"id":39,"date":"2023-03-24T17:26:23","date_gmt":"2023-03-24T16:26:23","guid":{"rendered":"https:\/\/hydrotransfert.fr\/?page_id=39"},"modified":"2023-10-05T20:49:18","modified_gmt":"2023-10-05T18:49:18","slug":"pole-peinture","status":"publish","type":"page","link":"https:\/\/hydrotransfert.fr\/index.php\/pole-peinture\/","title":{"rendered":"P\u00f4le peinture"},"content":{"rendered":"<p>[et_pb_section fb_built=&#8221;1&#8243; _builder_version=&#8221;4.20.2&#8243; _module_preset=&#8221;default&#8221; use_background_color_gradient=&#8221;on&#8221; background_color_gradient_stops=&#8221;rgba(0,0,0,0.3) 0%|rgba(0,0,0,0.3) 100%&#8221; background_color_gradient_overlays_image=&#8221;on&#8221; background_image=&#8221;https:\/\/hydrotransfert.fr\/wp-content\/uploads\/2023\/04\/fonddesign.jpg&#8221; parallax=&#8221;on&#8221; parallax_method=&#8221;off&#8221; global_colors_info=&#8221;{}&#8221;][et_pb_row _builder_version=&#8221;4.20.2&#8243; _module_preset=&#8221;default&#8221; custom_padding=&#8221;100px|||||&#8221; global_colors_info=&#8221;{}&#8221;][et_pb_column type=&#8221;4_4&#8243; _builder_version=&#8221;4.20.2&#8243; _module_preset=&#8221;default&#8221; global_colors_info=&#8221;{}&#8221;][et_pb_text _builder_version=&#8221;4.20.2&#8243; _module_preset=&#8221;default&#8221; global_colors_info=&#8221;{}&#8221;]<\/p>\n<h1 style=\"text-align: center;\">Hydrotransfert et Peinture<\/h1>\n<p>[\/et_pb_text][et_pb_divider color=&#8221;#ce0000&#8243; divider_position=&#8221;center&#8221; divider_weight=&#8221;3px&#8221; disabled_on=&#8221;off|off|off&#8221; _builder_version=&#8221;4.20.2&#8243; max_width=&#8221;350px&#8221; module_alignment=&#8221;center&#8221; height=&#8221;false&#8221; custom_margin=&#8221;30px|||&#8221; animation_style=&#8221;slide&#8221; animation_direction=&#8221;top&#8221; animation_delay=&#8221;100ms&#8221; animation_intensity_slide=&#8221;10%&#8221; locked=&#8221;off&#8221; global_colors_info=&#8221;{}&#8221;][\/et_pb_divider][et_pb_text _builder_version=&#8221;4.20.2&#8243; _module_preset=&#8221;default&#8221; global_colors_info=&#8221;{}&#8221;]<\/p>\n<p>Fort de notre exp\u00e9rience, nous vous proposons des prestations compl\u00e8tes alliant notre savoir-faire avec vos d\u00e9sirs. L\u2019hydrotransfert est l\u2019une de nos technique permettant de transformer l\u2019aspect de vos inserts int\u00e9rieurs comme ext\u00e9rieurs. De multiples solutions s\u2019offrent \u00e0 vous; teintes, effets, finitions, logos, liserets\u2026 Notre proc\u00e9d\u00e9 garanti une qualit\u00e9 optimale et une finition haut-de-gamme.<br \/>La cr\u00e9ativit\u00e9 n\u2019a pas de limites.<\/p>\n<p>[\/et_pb_text][et_pb_text _builder_version=&#8221;4.20.2&#8243; _module_preset=&#8221;default&#8221; global_colors_info=&#8221;{}&#8221;]<\/p>\n<h3 style=\"text-align: center;\">R\u00e9sum\u00e9 en 4 \u00e9tapes<\/h3>\n<p>[\/et_pb_text][et_pb_divider color=&#8221;#ce0000&#8243; divider_position=&#8221;center&#8221; divider_weight=&#8221;3px&#8221; disabled_on=&#8221;off|off|off&#8221; _builder_version=&#8221;4.20.2&#8243; max_width=&#8221;150px&#8221; module_alignment=&#8221;center&#8221; height=&#8221;false&#8221; custom_margin=&#8221;30px|||&#8221; animation_style=&#8221;slide&#8221; animation_direction=&#8221;top&#8221; animation_delay=&#8221;100ms&#8221; animation_intensity_slide=&#8221;10%&#8221; locked=&#8221;off&#8221; global_colors_info=&#8221;{}&#8221;][\/et_pb_divider][\/et_pb_column][\/et_pb_row][et_pb_row column_structure=&#8221;1_2,1_2&#8243; make_equal=&#8221;on&#8221; disabled_on=&#8221;on|on|off&#8221; _builder_version=&#8221;4.20.4&#8243; _module_preset=&#8221;default&#8221; global_colors_info=&#8221;{}&#8221;][et_pb_column type=&#8221;1_2&#8243; _builder_version=&#8221;4.20.2&#8243; _module_preset=&#8221;default&#8221; custom_css_main_element=&#8221;margin:auto;&#8221; global_colors_info=&#8221;{}&#8221;][et_pb_image src=&#8221;https:\/\/hydrotransfert.fr\/wp-content\/uploads\/2023\/04\/01-Poncage.gif&#8221; title_text=&#8221;01-Poncage&#8221; _builder_version=&#8221;4.20.2&#8243; _module_preset=&#8221;default&#8221; global_colors_info=&#8221;{}&#8221;][\/et_pb_image][\/et_pb_column][et_pb_column type=&#8221;1_2&#8243; _builder_version=&#8221;4.20.2&#8243; _module_preset=&#8221;default&#8221; custom_css_main_element=&#8221;margin:auto;&#8221; global_colors_info=&#8221;{}&#8221;][et_pb_text _builder_version=&#8221;4.20.2&#8243; _module_preset=&#8221;default&#8221; global_colors_info=&#8221;{}&#8221;]<\/p>\n<h3><span style=\"text-decoration: underline;\">1Pon\u00e7age :<\/span><\/h3>\n<p>Toutes les pi\u00e8ces sont prises en charges dans nos locaux. Elles sont pr\u00e9par\u00e9es et ponc\u00e9es pour cr\u00e9er une accroche au vu des \u00e9tapes suivantes.<\/p>\n<p>[\/et_pb_text][\/et_pb_column][\/et_pb_row][et_pb_row column_structure=&#8221;1_2,1_2&#8243; make_equal=&#8221;on&#8221; disabled_on=&#8221;off|off|on&#8221; _builder_version=&#8221;4.20.4&#8243; _module_preset=&#8221;default&#8221; global_colors_info=&#8221;{}&#8221;][et_pb_column type=&#8221;1_2&#8243; _builder_version=&#8221;4.20.2&#8243; _module_preset=&#8221;default&#8221; custom_css_main_element=&#8221;margin:auto;&#8221; global_colors_info=&#8221;{}&#8221;][et_pb_text content_tablet=&#8221;<\/p>\n<h3><span style=%22text-decoration: underline;%22>1Pon\u00e7age :<\/span><\/h3>\n<p>Toutes les pi\u00e8ces sont prises en charges dans nos locaux. Elles sont pr\u00e9par\u00e9es et ponc\u00e9es pour cr\u00e9er une accroche au vu des \u00e9tapes suivantes.<\/p>\n<p>&#8221; content_phone=&#8221;<\/p>\n<h3 style=%22text-align: center;%22><span style=%22text-decoration: underline;%22>1Pon\u00e7age :<\/span><\/h3>\n<p style=%22text-align: center;%22>Toutes les pi\u00e8ces sont prises en charges dans nos locaux. Elles sont pr\u00e9par\u00e9es et ponc\u00e9es pour cr\u00e9er une accroche au vu des \u00e9tapes suivantes.<\/p>\n<p>&#8221; content_last_edited=&#8221;on|phone&#8221; _builder_version=&#8221;4.20.4&#8243; _module_preset=&#8221;default&#8221; custom_padding=&#8221;0px|||||&#8221; global_colors_info=&#8221;{}&#8221;]<\/p>\n<h3><span style=\"text-decoration: underline;\">1Pon\u00e7age :<\/span><\/h3>\n<p>Toutes les pi\u00e8ces sont prises en charges dans nos locaux. Elles sont pr\u00e9par\u00e9es et ponc\u00e9es pour cr\u00e9er une accroche au vu des \u00e9tapes suivantes.<\/p>\n<p>[\/et_pb_text][\/et_pb_column][et_pb_column type=&#8221;1_2&#8243; _builder_version=&#8221;4.20.2&#8243; _module_preset=&#8221;default&#8221; custom_css_main_element=&#8221;margin:auto;&#8221; global_colors_info=&#8221;{}&#8221;][et_pb_image src=&#8221;https:\/\/hydrotransfert.fr\/wp-content\/uploads\/2023\/04\/01-Poncage.gif&#8221; title_text=&#8221;01-Poncage&#8221; _builder_version=&#8221;4.20.2&#8243; _module_preset=&#8221;default&#8221; global_colors_info=&#8221;{}&#8221;][\/et_pb_image][\/et_pb_column][\/et_pb_row][et_pb_row column_structure=&#8221;1_2,1_2&#8243; make_equal=&#8221;on&#8221; _builder_version=&#8221;4.20.2&#8243; _module_preset=&#8221;default&#8221; global_colors_info=&#8221;{}&#8221;][et_pb_column type=&#8221;1_2&#8243; _builder_version=&#8221;4.20.2&#8243; _module_preset=&#8221;default&#8221; custom_css_main_element=&#8221;margin:auto;&#8221; global_colors_info=&#8221;{}&#8221;][et_pb_text content_tablet=&#8221;<\/p>\n<h3 style=%22text-align: right;%22><span style=%22text-decoration: underline;%22>2 Peinture :<\/span><\/h3>\n<p style=%22text-align: right;%22>Cette \u00e9tape de pulv\u00e9risation de peinture en cabine donnera la teinte du d\u00e9cor pour le trempage suivant.<\/p>\n<p>&#8221; content_phone=&#8221;<\/p>\n<h3 style=%22text-align: center;%22><span style=%22text-decoration: underline;%22>2 Peinture :<\/span><\/h3>\n<p style=%22text-align: center;%22>Cette \u00e9tape de pulv\u00e9risation de peinture en cabine donnera la teinte du d\u00e9cor pour le trempage suivant.<\/p>\n<p>&#8221; content_last_edited=&#8221;on|phone&#8221; _builder_version=&#8221;4.20.4&#8243; _module_preset=&#8221;default&#8221; global_colors_info=&#8221;{}&#8221;]<\/p>\n<h3 style=\"text-align: right;\"><span style=\"text-decoration: underline;\">2 Peinture :<\/span><\/h3>\n<p style=\"text-align: right;\">Cette \u00e9tape de pulv\u00e9risation de peinture en cabine donnera la teinte du d\u00e9cor pour le trempage suivant.<\/p>\n<p>[\/et_pb_text][\/et_pb_column][et_pb_column type=&#8221;1_2&#8243; _builder_version=&#8221;4.20.2&#8243; _module_preset=&#8221;default&#8221; custom_css_main_element=&#8221;margin:auto;&#8221; global_colors_info=&#8221;{}&#8221;][et_pb_image src=&#8221;https:\/\/hydrotransfert.fr\/wp-content\/uploads\/2023\/04\/02-Peinture.gif&#8221; title_text=&#8221;02-Peinture&#8221; _builder_version=&#8221;4.20.2&#8243; _module_preset=&#8221;default&#8221; global_colors_info=&#8221;{}&#8221;][\/et_pb_image][\/et_pb_column][\/et_pb_row][et_pb_row column_structure=&#8221;1_2,1_2&#8243; make_equal=&#8221;on&#8221; disabled_on=&#8221;on|on|off&#8221; _builder_version=&#8221;4.20.4&#8243; _module_preset=&#8221;default&#8221; global_colors_info=&#8221;{}&#8221;][et_pb_column type=&#8221;1_2&#8243; _builder_version=&#8221;4.20.2&#8243; _module_preset=&#8221;default&#8221; custom_css_main_element=&#8221;margin:auto;&#8221; global_colors_info=&#8221;{}&#8221;][et_pb_image src=&#8221;https:\/\/hydrotransfert.fr\/wp-content\/uploads\/2023\/04\/03-Trempage.gif&#8221; title_text=&#8221;03-Trempage&#8221; _builder_version=&#8221;4.20.2&#8243; _module_preset=&#8221;default&#8221; global_colors_info=&#8221;{}&#8221;][\/et_pb_image][\/et_pb_column][et_pb_column type=&#8221;1_2&#8243; _builder_version=&#8221;4.20.2&#8243; _module_preset=&#8221;default&#8221; custom_css_main_element=&#8221;margin:auto;&#8221; global_colors_info=&#8221;{}&#8221;][et_pb_text _builder_version=&#8221;4.20.2&#8243; _module_preset=&#8221;default&#8221; global_colors_info=&#8221;{}&#8221;]<\/p>\n<h3><span style=\"text-decoration: underline;\">3 Trempage :<\/span><\/h3>\n<p>Le film pr\u00e9-imprim\u00e9 du d\u00e9cor souhait\u00e9 est d\u00e9pos\u00e9 \u00e0 la surface du bassin.<br \/>L\u2019eau rend le film soluble en ne laissant que le motif en surface. La pi\u00e8ce \u00e0 d\u00e9corer est plong\u00e9e dans le bassin, au travers le film, ce qui permet au d\u00e9cor d\u2019\u00e9pouser toutes les formes de l\u2019objet.<\/p>\n<p>[\/et_pb_text][\/et_pb_column][\/et_pb_row][et_pb_row column_structure=&#8221;1_2,1_2&#8243; make_equal=&#8221;on&#8221; disabled_on=&#8221;off|off|on&#8221; _builder_version=&#8221;4.20.4&#8243; _module_preset=&#8221;default&#8221; global_colors_info=&#8221;{}&#8221;][et_pb_column type=&#8221;1_2&#8243; _builder_version=&#8221;4.20.2&#8243; _module_preset=&#8221;default&#8221; custom_css_main_element=&#8221;margin:auto;&#8221; global_colors_info=&#8221;{}&#8221;][et_pb_text content_tablet=&#8221;<\/p>\n<h3 style=%22text-align: center;%22><span style=%22text-decoration: underline;%22>3 Trempage :<\/span><\/h3>\n<p style=%22text-align: center;%22>Le film pr\u00e9-imprim\u00e9 du d\u00e9cor souhait\u00e9 est d\u00e9pos\u00e9 \u00e0 la surface du bassin.<br \/>L\u2019eau rend le film soluble en ne laissant que le motif en surface. La pi\u00e8ce \u00e0 d\u00e9corer est plong\u00e9e dans le bassin, au travers le film, ce qui permet au d\u00e9cor d\u2019\u00e9pouser toutes les formes de l\u2019objet.<\/p>\n<p>&#8221; content_phone=&#8221;<\/p>\n<h3 style=%22text-align: center;%22><span style=%22text-decoration: underline;%22>3 Trempage :<\/span><\/h3>\n<p style=%22text-align: center;%22>Le film pr\u00e9-imprim\u00e9 du d\u00e9cor souhait\u00e9 est d\u00e9pos\u00e9 \u00e0 la surface du bassin.<br \/>L\u2019eau rend le film soluble en ne laissant que le motif en surface. La pi\u00e8ce \u00e0 d\u00e9corer est plong\u00e9e dans le bassin, au travers le film, ce qui permet au d\u00e9cor d\u2019\u00e9pouser toutes les formes de l\u2019objet.<\/p>\n<p>&#8221; content_last_edited=&#8221;on|desktop&#8221; _builder_version=&#8221;4.20.4&#8243; _module_preset=&#8221;default&#8221; global_colors_info=&#8221;{}&#8221;]<\/p>\n<h3 style=\"text-align: center;\"><span style=\"text-decoration: underline;\">3 Trempage :<\/span><\/h3>\n<p style=\"text-align: center;\">Le film pr\u00e9-imprim\u00e9 du d\u00e9cor souhait\u00e9 est d\u00e9pos\u00e9 \u00e0 la surface du bassin.<br \/>L\u2019eau rend le film soluble en ne laissant que le motif en surface. La pi\u00e8ce \u00e0 d\u00e9corer est plong\u00e9e dans le bassin, au travers le film, ce qui permet au d\u00e9cor d\u2019\u00e9pouser toutes les formes de l\u2019objet.<\/p>\n<p>[\/et_pb_text][\/et_pb_column][et_pb_column type=&#8221;1_2&#8243; _builder_version=&#8221;4.20.2&#8243; _module_preset=&#8221;default&#8221; custom_css_main_element=&#8221;margin:auto;&#8221; global_colors_info=&#8221;{}&#8221;][et_pb_image src=&#8221;https:\/\/hydrotransfert.fr\/wp-content\/uploads\/2023\/04\/03-Trempage.gif&#8221; title_text=&#8221;03-Trempage&#8221; _builder_version=&#8221;4.20.2&#8243; _module_preset=&#8221;default&#8221; global_colors_info=&#8221;{}&#8221;][\/et_pb_image][\/et_pb_column][\/et_pb_row][et_pb_row column_structure=&#8221;1_2,1_2&#8243; make_equal=&#8221;on&#8221; _builder_version=&#8221;4.20.2&#8243; _module_preset=&#8221;default&#8221; custom_padding=&#8221;||70px|||&#8221; global_colors_info=&#8221;{}&#8221;][et_pb_column type=&#8221;1_2&#8243; _builder_version=&#8221;4.20.2&#8243; _module_preset=&#8221;default&#8221; custom_css_main_element=&#8221;margin:auto;&#8221; global_colors_info=&#8221;{}&#8221;][et_pb_text content_tablet=&#8221;<\/p>\n<h3 style=%22text-align: center;%22><span style=%22text-decoration: underline;%22>4 Vernissage :<\/span><\/h3>\n<p style=%22text-align: center;%22>Retour en cabine de peinture pour un vernissage de l\u2019objet.<br \/>Brillant \u2013 matte \u2013 satin \u2013 teint\u00e9 \u2013 paillet\u00e9 \u2013 nacr\u00e9.<br \/>Cette \u00e9tape a pour but de constituer une couche protectrice \u00e0 la surface de l\u2019objet. Ce dernier prot\u00e8ge des agressions atmosph\u00e9riques ou m\u00e9caniques.<\/p>\n<p>&#8221; content_phone=&#8221;<\/p>\n<h3 style=%22text-align: center;%22><span style=%22text-decoration: underline;%22>4 Vernissage :<\/span><\/h3>\n<p style=%22text-align: center;%22>Retour en cabine de peinture pour un vernissage de l\u2019objet.<br \/>Brillant \u2013 matte \u2013 satin \u2013 teint\u00e9 \u2013 paillet\u00e9 \u2013 nacr\u00e9.<br \/>Cette \u00e9tape a pour but de constituer une couche protectrice \u00e0 la surface de l\u2019objet. Ce dernier prot\u00e8ge des agressions atmosph\u00e9riques ou m\u00e9caniques.<\/p>\n<p>&#8221; content_last_edited=&#8221;on|desktop&#8221; _builder_version=&#8221;4.20.4&#8243; _module_preset=&#8221;default&#8221; global_colors_info=&#8221;{}&#8221;]<\/p>\n<h3 style=\"text-align: center;\"><span style=\"text-decoration: underline;\">4 Vernissage :<\/span><\/h3>\n<p style=\"text-align: center;\">Retour en cabine de peinture pour un vernissage de l\u2019objet.<br \/>Brillant \u2013 matte \u2013 satin \u2013 teint\u00e9 \u2013 paillet\u00e9 \u2013 nacr\u00e9.<br \/>Cette \u00e9tape a pour but de constituer une couche protectrice \u00e0 la surface de l\u2019objet. Ce dernier prot\u00e8ge des agressions atmosph\u00e9riques ou m\u00e9caniques.<\/p>\n<p>[\/et_pb_text][\/et_pb_column][et_pb_column type=&#8221;1_2&#8243; _builder_version=&#8221;4.20.2&#8243; _module_preset=&#8221;default&#8221; custom_css_main_element=&#8221;margin:auto;&#8221; global_colors_info=&#8221;{}&#8221;][et_pb_image src=&#8221;https:\/\/hydrotransfert.fr\/wp-content\/uploads\/2023\/04\/04-Vernissage.gif&#8221; title_text=&#8221;04-Vernissage&#8221; _builder_version=&#8221;4.20.2&#8243; _module_preset=&#8221;default&#8221; custom_margin=&#8221;||18px|||&#8221; global_colors_info=&#8221;{}&#8221;][\/et_pb_image][\/et_pb_column][\/et_pb_row][\/et_pb_section][et_pb_section fb_built=&#8221;1&#8243; _builder_version=&#8221;4.20.2&#8243; _module_preset=&#8221;default&#8221; background_color=&#8221;#000000&#8243; width=&#8221;100%&#8221; max_width=&#8221;100%&#8221; custom_css_after=&#8221;max-width: 100%;&#8221; global_colors_info=&#8221;{}&#8221;][et_pb_row column_structure=&#8221;1_3,1_3,1_3&#8243; use_custom_gutter=&#8221;on&#8221; gutter_width=&#8221;1&#8243; _builder_version=&#8221;4.20.2&#8243; _module_preset=&#8221;default&#8221; width=&#8221;100%&#8221; max_width=&#8221;100%&#8221; custom_padding=&#8221;0px|||||&#8221; global_colors_info=&#8221;{}&#8221;][et_pb_column type=&#8221;1_3&#8243; _builder_version=&#8221;4.20.2&#8243; _module_preset=&#8221;default&#8221; global_colors_info=&#8221;{}&#8221;][et_pb_image src=&#8221;https:\/\/hydrotransfert.fr\/wp-content\/uploads\/2023\/04\/hydro2.jpg&#8221; show_in_lightbox=&#8221;on&#8221; _builder_version=&#8221;4.20.2&#8243; _module_preset=&#8221;default&#8221; global_colors_info=&#8221;{}&#8221;][\/et_pb_image][\/et_pb_column][et_pb_column type=&#8221;1_3&#8243; _builder_version=&#8221;4.20.2&#8243; _module_preset=&#8221;default&#8221; global_colors_info=&#8221;{}&#8221;][et_pb_image src=&#8221;https:\/\/hydrotransfert.fr\/wp-content\/uploads\/2023\/04\/hydro4.jpg&#8221; show_in_lightbox=&#8221;on&#8221; _builder_version=&#8221;4.20.2&#8243; _module_preset=&#8221;default&#8221; global_colors_info=&#8221;{}&#8221;][\/et_pb_image][\/et_pb_column][et_pb_column type=&#8221;1_3&#8243; _builder_version=&#8221;4.20.2&#8243; _module_preset=&#8221;default&#8221; global_colors_info=&#8221;{}&#8221;][et_pb_image src=&#8221;https:\/\/hydrotransfert.fr\/wp-content\/uploads\/2023\/04\/Fond-mobile-1.jpg&#8221; title_text=&#8221;Fond-mobile-1&#8243; show_in_lightbox=&#8221;on&#8221; _builder_version=&#8221;4.20.2&#8243; _module_preset=&#8221;default&#8221; global_colors_info=&#8221;{}&#8221;][\/et_pb_image][\/et_pb_column][\/et_pb_row][\/et_pb_section][et_pb_section fb_built=&#8221;1&#8243; admin_label=&#8221;Our Guides&#8221; _builder_version=&#8221;4.20.2&#8243; background_color=&#8221;#000000&#8243; custom_margin=&#8221;-28px|||||&#8221; custom_padding=&#8221;110px||110px|&#8221; global_colors_info=&#8221;{}&#8221;][et_pb_row _builder_version=&#8221;4.16&#8243; global_colors_info=&#8221;{}&#8221;][et_pb_column type=&#8221;4_4&#8243; _builder_version=&#8221;4.16&#8243; custom_padding=&#8221;|||&#8221; global_colors_info=&#8221;{}&#8221; custom_padding__hover=&#8221;|||&#8221;][et_pb_text _builder_version=&#8221;4.20.2&#8243; _module_preset=&#8221;default&#8221; global_colors_info=&#8221;{}&#8221;]<\/p>\n<h2 style=\"text-align: center;\">Le catalogue<\/h2>\n<p>[\/et_pb_text][et_pb_divider color=&#8221;#ce0000&#8243; divider_position=&#8221;center&#8221; divider_weight=&#8221;3px&#8221; disabled_on=&#8221;off|off|off&#8221; _builder_version=&#8221;4.20.2&#8243; max_width=&#8221;150px&#8221; module_alignment=&#8221;center&#8221; height=&#8221;false&#8221; custom_margin=&#8221;30px|||&#8221; animation_style=&#8221;slide&#8221; animation_direction=&#8221;top&#8221; animation_delay=&#8221;100ms&#8221; animation_intensity_slide=&#8221;10%&#8221; locked=&#8221;off&#8221; global_colors_info=&#8221;{}&#8221;][\/et_pb_divider][et_pb_text _builder_version=&#8221;4.20.2&#8243; _module_preset=&#8221;default&#8221; global_colors_info=&#8221;{}&#8221;]<\/p>\n<p style=\"text-align: center;\">S\u00e9lectionnez parmi un large choix de plus de 500 effets disponibles.<\/p>\n<p>[\/et_pb_text][ba_image_carousel is_variable_width=&#8221;on&#8221; slide_width=&#8221;200px&#8221; _builder_version=&#8221;4.20.2&#8243; _module_preset=&#8221;default&#8221; global_colors_info=&#8221;{}&#8221;][ba_image_carousel_child photo=&#8221;https:\/\/hydrotransfert.fr\/wp-content\/uploads\/2023\/04\/YH-504-2017_06_17-22_31_23-UTC.jpg&#8221; _builder_version=&#8221;4.20.2&#8243; _module_preset=&#8221;default&#8221; global_colors_info=&#8221;{}&#8221;][\/ba_image_carousel_child][ba_image_carousel_child photo=&#8221;https:\/\/hydrotransfert.fr\/wp-content\/uploads\/2023\/04\/YH-430A-2017_06_17-22_31_23-UTC.jpg&#8221; _builder_version=&#8221;4.20.2&#8243; _module_preset=&#8221;default&#8221; global_colors_info=&#8221;{}&#8221;][\/ba_image_carousel_child][ba_image_carousel_child photo=&#8221;https:\/\/hydrotransfert.fr\/wp-content\/uploads\/2023\/04\/YH-402E-2017_06_17-22_31_23-UTC.jpg&#8221; _builder_version=&#8221;4.20.2&#8243; _module_preset=&#8221;default&#8221; global_colors_info=&#8221;{}&#8221;][\/ba_image_carousel_child][ba_image_carousel_child photo=&#8221;https:\/\/hydrotransfert.fr\/wp-content\/uploads\/2023\/04\/YH-402-2017_06_17-22_31_23-UTC.jpg&#8221; _builder_version=&#8221;4.20.2&#8243; _module_preset=&#8221;default&#8221; global_colors_info=&#8221;{}&#8221;][\/ba_image_carousel_child][ba_image_carousel_child photo=&#8221;https:\/\/hydrotransfert.fr\/wp-content\/uploads\/2023\/04\/YH-318A-2017_06_17-22_31_23-UTC.jpg&#8221; _builder_version=&#8221;4.20.2&#8243; _module_preset=&#8221;default&#8221; global_colors_info=&#8221;{}&#8221;][\/ba_image_carousel_child][ba_image_carousel_child photo=&#8221;https:\/\/hydrotransfert.fr\/wp-content\/uploads\/2023\/04\/YH-075-2017_06_17-22_31_23-UTC.jpg&#8221; _builder_version=&#8221;4.20.2&#8243; _module_preset=&#8221;default&#8221; global_colors_info=&#8221;{}&#8221;][\/ba_image_carousel_child][ba_image_carousel_child photo=&#8221;https:\/\/hydrotransfert.fr\/wp-content\/uploads\/2023\/04\/YH-061-2017_06_17-22_31_23-UTC.jpg&#8221; _builder_version=&#8221;4.20.2&#8243; _module_preset=&#8221;default&#8221; global_colors_info=&#8221;{}&#8221;][\/ba_image_carousel_child][ba_image_carousel_child photo=&#8221;https:\/\/hydrotransfert.fr\/wp-content\/uploads\/2023\/04\/YH-059-2017_06_17-22_31_23-UTC.jpg&#8221; _builder_version=&#8221;4.20.2&#8243; _module_preset=&#8221;default&#8221; global_colors_info=&#8221;{}&#8221;][\/ba_image_carousel_child][ba_image_carousel_child photo=&#8221;https:\/\/hydrotransfert.fr\/wp-content\/uploads\/2023\/04\/YH-054B-2017_06_17-22_31_23-UTC.jpg&#8221; _builder_version=&#8221;4.20.2&#8243; _module_preset=&#8221;default&#8221; global_colors_info=&#8221;{}&#8221;][\/ba_image_carousel_child][ba_image_carousel_child photo=&#8221;https:\/\/hydrotransfert.fr\/wp-content\/uploads\/2023\/04\/YH-052-2017_06_17-22_31_23-UTC.jpg&#8221; _builder_version=&#8221;4.20.2&#8243; _module_preset=&#8221;default&#8221; global_colors_info=&#8221;{}&#8221;][\/ba_image_carousel_child][ba_image_carousel_child photo=&#8221;https:\/\/hydrotransfert.fr\/wp-content\/uploads\/2023\/04\/YH-040-2017_06_17-22_31_23-UTC.jpg&#8221; _builder_version=&#8221;4.20.2&#8243; _module_preset=&#8221;default&#8221; global_colors_info=&#8221;{}&#8221;][\/ba_image_carousel_child][ba_image_carousel_child photo=&#8221;https:\/\/hydrotransfert.fr\/wp-content\/uploads\/2023\/04\/YH-005A-2017_06_17-22_31_23-UTC.jpg&#8221; _builder_version=&#8221;4.20.2&#8243; _module_preset=&#8221;default&#8221; global_colors_info=&#8221;{}&#8221;][\/ba_image_carousel_child][ba_image_carousel_child photo=&#8221;https:\/\/hydrotransfert.fr\/wp-content\/uploads\/2023\/04\/YH-005-2017_06_17-22_31_23-UTC.jpg&#8221; _builder_version=&#8221;4.20.2&#8243; _module_preset=&#8221;default&#8221; global_colors_info=&#8221;{}&#8221;][\/ba_image_carousel_child][ba_image_carousel_child photo=&#8221;https:\/\/hydrotransfert.fr\/wp-content\/uploads\/2023\/04\/t-373.jpg&#8221; _builder_version=&#8221;4.20.2&#8243; _module_preset=&#8221;default&#8221; global_colors_info=&#8221;{}&#8221;][\/ba_image_carousel_child][ba_image_carousel_child photo=&#8221;https:\/\/hydrotransfert.fr\/wp-content\/uploads\/2023\/04\/m-1192.jpg&#8221; _builder_version=&#8221;4.20.2&#8243; _module_preset=&#8221;default&#8221; global_colors_info=&#8221;{}&#8221;][\/ba_image_carousel_child][ba_image_carousel_child photo=&#8221;https:\/\/hydrotransfert.fr\/wp-content\/uploads\/2023\/04\/i-029.jpg&#8221; _builder_version=&#8221;4.20.2&#8243; _module_preset=&#8221;default&#8221; global_colors_info=&#8221;{}&#8221;][\/ba_image_carousel_child][ba_image_carousel_child photo=&#8221;https:\/\/hydrotransfert.fr\/wp-content\/uploads\/2023\/04\/i-008.jpg&#8221; _builder_version=&#8221;4.20.2&#8243; _module_preset=&#8221;default&#8221; global_colors_info=&#8221;{}&#8221;][\/ba_image_carousel_child][ba_image_carousel_child photo=&#8221;https:\/\/hydrotransfert.fr\/wp-content\/uploads\/2023\/04\/Carousel.jpg&#8221; _builder_version=&#8221;4.20.2&#8243; _module_preset=&#8221;default&#8221; global_colors_info=&#8221;{}&#8221;][\/ba_image_carousel_child][ba_image_carousel_child photo=&#8221;https:\/\/hydrotransfert.fr\/wp-content\/uploads\/2023\/04\/Carousel-copie2.jpg&#8221; _builder_version=&#8221;4.20.2&#8243; _module_preset=&#8221;default&#8221; global_colors_info=&#8221;{}&#8221;][\/ba_image_carousel_child][ba_image_carousel_child photo=&#8221;https:\/\/hydrotransfert.fr\/wp-content\/uploads\/2023\/04\/Carousel-copie.jpg&#8221; _builder_version=&#8221;4.20.2&#8243; _module_preset=&#8221;default&#8221; global_colors_info=&#8221;{}&#8221;][\/ba_image_carousel_child][\/ba_image_carousel][et_pb_button button_text=&#8221;Voir plus&#8221; button_alignment=&#8221;center&#8221; _builder_version=&#8221;4.22.2&#8243; _module_preset=&#8221;default&#8221; custom_button=&#8221;on&#8221; button_text_color=&#8221;#FFFFFF&#8221; button_bg_color=&#8221;#CE0000&#8243; button_border_width=&#8221;0px&#8221; background_layout=&#8221;dark&#8221; hover_enabled=&#8221;0&#8243; global_colors_info=&#8221;{}&#8221; button_url=&#8221;\/index.php\/catalogue\/&#8221; sticky_enabled=&#8221;0&#8243;][\/et_pb_button][\/et_pb_column][\/et_pb_row][\/et_pb_section]<\/p>\n","protected":false},"excerpt":{"rendered":"<p>Hydrotransfert et PeintureFort de notre exp\u00e9rience, nous vous proposons des prestations compl\u00e8tes alliant notre savoir-faire avec vos d\u00e9sirs. L\u2019hydrotransfert est l\u2019une de nos technique permettant de transformer l\u2019aspect de vos inserts int\u00e9rieurs comme ext\u00e9rieurs. De multiples solutions s\u2019offrent \u00e0 vous; teintes, effets, finitions, logos, liserets\u2026 Notre proc\u00e9d\u00e9 garanti une qualit\u00e9 optimale et une finition haut-de-gamme.La [&hellip;]<\/p>\n","protected":false},"author":1,"featured_media":0,"parent":0,"menu_order":0,"comment_status":"closed","ping_status":"closed","template":"","meta":{"_et_pb_use_builder":"on","_et_pb_old_content":"","_et_gb_content_width":"","ngg_post_thumbnail":0,"footnotes":""},"class_list":["post-39","page","type-page","status-publish","hentry"],"_links":{"self":[{"href":"https:\/\/hydrotransfert.fr\/index.php\/wp-json\/wp\/v2\/pages\/39","targetHints":{"allow":["GET"]}}],"collection":[{"href":"https:\/\/hydrotransfert.fr\/index.php\/wp-json\/wp\/v2\/pages"}],"about":[{"href":"https:\/\/hydrotransfert.fr\/index.php\/wp-json\/wp\/v2\/types\/page"}],"author":[{"embeddable":true,"href":"https:\/\/hydrotransfert.fr\/index.php\/wp-json\/wp\/v2\/users\/1"}],"replies":[{"embeddable":true,"href":"https:\/\/hydrotransfert.fr\/index.php\/wp-json\/wp\/v2\/comments?post=39"}],"version-history":[{"count":33,"href":"https:\/\/hydrotransfert.fr\/index.php\/wp-json\/wp\/v2\/pages\/39\/revisions"}],"predecessor-version":[{"id":3010,"href":"https:\/\/hydrotransfert.fr\/index.php\/wp-json\/wp\/v2\/pages\/39\/revisions\/3010"}],"wp:attachment":[{"href":"https:\/\/hydrotransfert.fr\/index.php\/wp-json\/wp\/v2\/media?parent=39"}],"curies":[{"name":"wp","href":"https:\/\/api.w.org\/{rel}","templated":true}]}}